{"id":514,"date":"2024-05-28T03:51:51","date_gmt":"2024-05-28T03:51:51","guid":{"rendered":"https:\/\/kangcomm.com\/?page_id=514"},"modified":"2024-05-28T06:51:12","modified_gmt":"2024-05-28T06:51:12","slug":"privacy-policy","status":"publish","type":"page","link":"https:\/\/kangcomm.com\/vi\/privacy-policy\/","title":{"rendered":"Ch\u00ednh s\u00e1ch b\u1ea3o m\u1eadt d\u1eef li\u1ec7u c\u00e1 nh\u00e2n"},"content":{"rendered":"<p>Ch\u00ednh s\u00e1ch b\u1ea3o m\u1eadt d\u1eef li\u1ec7u c\u00e1 nh\u00e2n (\u201cCh\u00ednh s\u00e1ch\u201d) m\u00f4 t\u1ea3 c\u00e1c ho\u1ea1t \u0111\u1ed9ng li\u00ean quan \u0111\u1ebfn vi\u1ec7c x\u1eed l\u00fd d\u1eef li\u1ec7u c\u00e1 nh\u00e2n c\u1ee7a Ng\u01b0\u1eddi d\u00f9ng khi truy c\u1eadp v\u00e0o trang web Kangcomm.com<\/p>","protected":false},"excerpt":{"rendered":"<p>Ch\u00ednh s\u00e1ch b\u1ea3o m\u1eadt d\u1eef li\u1ec7u c\u00e1 nh\u00e2n (\u201cCh\u00ednh s\u00e1ch\u201d) m\u00f4 t\u1ea3 c\u00e1c ho\u1ea1t \u0111\u1ed9ng li\u00ean quan \u0111\u1ebfn vi\u1ec7c x\u1eed l\u00fd d\u1eef li\u1ec7u c\u00e1 nh\u00e2n c\u1ee7a Ng\u01b0\u1eddi d\u00f9ng khi truy c\u1eadp v\u00e0o trang web Kangcomm.com<\/p>","protected":false},"author":1,"featured_media":0,"parent":0,"menu_order":0,"comment_status":"closed","ping_status":"closed","template":"","meta":{"footnotes":""},"class_list":["post-514","page","type-page","status-publish","hentry"],"_links":{"self":[{"href":"https:\/\/kangcomm.com\/vi\/wp-json\/wp\/v2\/pages\/514","targetHints":{"allow":["GET"]}}],"collection":[{"href":"https:\/\/kangcomm.com\/vi\/wp-json\/wp\/v2\/pages"}],"about":[{"href":"https:\/\/kangcomm.com\/vi\/wp-json\/wp\/v2\/types\/page"}],"author":[{"embeddable":true,"href":"https:\/\/kangcomm.com\/vi\/wp-json\/wp\/v2\/users\/1"}],"replies":[{"embeddable":true,"href":"https:\/\/kangcomm.com\/vi\/wp-json\/wp\/v2\/comments?post=514"}],"version-history":[{"count":2,"href":"https:\/\/kangcomm.com\/vi\/wp-json\/wp\/v2\/pages\/514\/revisions"}],"predecessor-version":[{"id":516,"href":"https:\/\/kangcomm.com\/vi\/wp-json\/wp\/v2\/pages\/514\/revisions\/516"}],"wp:attachment":[{"href":"https:\/\/kangcomm.com\/vi\/wp-json\/wp\/v2\/media?parent=514"}],"curies":[{"name":"wp","href":"https:\/\/api.w.org\/{rel}","templated":true}]}}